{"id":2,"date":"2020-01-09T12:29:11","date_gmt":"2020-01-09T11:29:11","guid":{"rendered":"http:\/\/elias.baudock.de\/?page_id=2"},"modified":"2020-01-29T13:55:39","modified_gmt":"2020-01-29T12:55:39","slug":"beispiel-seite","status":"publish","type":"page","link":"https:\/\/elias-stiftung.de\/?page_id=2","title":{"rendered":"\u00dcber uns"},"content":{"rendered":"\t\t<div data-elementor-type=\"wp-page\" data-elementor-id=\"2\" class=\"elementor elementor-2\">\n\t\t\t\t\t\t<section class=\"elementor-section elementor-top-section elementor-element elementor-element-1401724f elementor-section-boxed elementor-section-height-default elementor-section-height-default\" data-id=\"1401724f\" data-element_type=\"section\">\n\t\t\t\t\t\t<div class=\"elementor-container elementor-column-gap-default\">\n\t\t\t\t\t<div class=\"elementor-column elementor-col-100 elementor-top-column elementor-element elementor-element-19eecb7f\" data-id=\"19eecb7f\" data-element_type=\"column\">\n\t\t\t<div class=\"elementor-widget-wrap elementor-element-populated\">\n\t\t\t\t\t\t<div class=\"elementor-element elementor-element-c581538 elementor-widget-divider--view-line elementor-widget elementor-widget-divider\" data-id=\"c581538\" data-element_type=\"widget\" data-widget_type=\"divider.default\">\n\t\t\t\t<div class=\"elementor-widget-container\">\n\t\t\t\t\t<div class=\"elementor-divider\">\n\t\t\t<span class=\"elementor-divider-separator\">\n\t\t\t\t\t\t<\/span>\n\t\t<\/div>\n\t\t\t\t<\/div>\n\t\t\t\t<\/div>\n\t\t\t\t<div class=\"elementor-element elementor-element-6703e59 elementor-widget elementor-widget-text-editor\" data-id=\"6703e59\" data-element_type=\"widget\" data-widget_type=\"text-editor.default\">\n\t\t\t\t<div class=\"elementor-widget-container\">\n\t\t\t\t\t\t\t\t\t\t\t\t\t<\/div>\n\t\t\t\t<\/div>\n\t\t\t\t\t<\/div>\n\t\t<\/div>\n\t\t\t\t\t<\/div>\n\t\t<\/section>\n\t\t\t\t<section class=\"elementor-section elementor-top-section elementor-element elementor-element-d8426e1 elementor-section-boxed elementor-section-height-default elementor-section-height-default\" data-id=\"d8426e1\" data-element_type=\"section\">\n\t\t\t\t\t\t<div class=\"elementor-container elementor-column-gap-default\">\n\t\t\t\t\t<div class=\"elementor-column elementor-col-50 elementor-top-column elementor-element elementor-element-fcd1349\" data-id=\"fcd1349\" data-element_type=\"column\">\n\t\t\t<div class=\"elementor-widget-wrap elementor-element-populated\">\n\t\t\t\t\t\t<div class=\"elementor-element elementor-element-fe95f12 elementor-widget elementor-widget-image\" data-id=\"fe95f12\" data-element_type=\"widget\" data-widget_type=\"image.default\">\n\t\t\t\t<div class=\"elementor-widget-container\">\n\t\t\t\t\t\t\t\t\t\t\t\t\t<img fetchpriority=\"high\" decoding=\"async\" width=\"790\" height=\"593\" src=\"https:\/\/elias-stiftung.de\/wp-content\/uploads\/2020\/01\/\u00dcber-uns_2020.jpg\" class=\"attachment-large size-large wp-image-223\" alt=\"\" srcset=\"https:\/\/elias-stiftung.de\/wp-content\/uploads\/2020\/01\/\u00dcber-uns_2020.jpg 1024w, https:\/\/elias-stiftung.de\/wp-content\/uploads\/2020\/01\/\u00dcber-uns_2020-300x225.jpg 300w, https:\/\/elias-stiftung.de\/wp-content\/uploads\/2020\/01\/\u00dcber-uns_2020-768x576.jpg 768w\" sizes=\"(max-width: 790px) 100vw, 790px\" \/>\t\t\t\t\t\t\t\t\t\t\t\t\t<\/div>\n\t\t\t\t<\/div>\n\t\t\t\t\t<\/div>\n\t\t<\/div>\n\t\t\t\t<div class=\"elementor-column elementor-col-50 elementor-top-column elementor-element elementor-element-761198a\" data-id=\"761198a\" data-element_type=\"column\">\n\t\t\t<div class=\"elementor-widget-wrap elementor-element-populated\">\n\t\t\t\t\t\t<div class=\"elementor-element elementor-element-1921492 elementor-widget elementor-widget-heading\" data-id=\"1921492\" data-element_type=\"widget\" data-widget_type=\"heading.default\">\n\t\t\t\t<div class=\"elementor-widget-container\">\n\t\t\t<h2 class=\"elementor-heading-title elementor-size-default\">\u00dcber uns<\/h2>\t\t<\/div>\n\t\t\t\t<\/div>\n\t\t\t\t<div class=\"elementor-element elementor-element-7344383 elementor-widget elementor-widget-text-editor\" data-id=\"7344383\" data-element_type=\"widget\" data-widget_type=\"text-editor.default\">\n\t\t\t\t<div class=\"elementor-widget-container\">\n\t\t\t\t\t\t\t<p><!-- wp:paragraph --><\/p>\n<p>Die Elias Stiftung wurde am 05. Mai 2009 gegr\u00fcndet zur F\u00f6rderung von Jugend-, Sozial-, Kultur- und Altenarbeit im Bereich der Pfarrgemeinde St. Mari\u00e4-Himmelfahrt und St. Anno in K\u00f6ln-Holweide sowie des pfarrlichen Lebens dieser Pfarrei.<\/p>\n<p><!-- \/wp:paragraph --><!-- wp:paragraph --><\/p>\n<p>Die Anerkennung durch den Regierungspr\u00e4sidenten K\u00f6ln erfolgte am 06. August 2009<\/p>\n<p><!-- \/wp:paragraph --><\/p>\t\t\t\t\t\t<\/div>\n\t\t\t\t<\/div>\n\t\t\t\t\t<\/div>\n\t\t<\/div>\n\t\t\t\t\t<\/div>\n\t\t<\/section>\n\t\t\t\t<\/div>\n\t\t","protected":false},"excerpt":{"rendered":"<p>\u00dcber uns Die Elias Stiftung wurde am 05. Mai 2009 gegr\u00fcndet zur F\u00f6rderung von Jugend-, Sozial-, Kultur- und Altenarbeit im Bereich der Pfarrgemeinde St. Mari\u00e4-Himmelfahrt und St. Anno in K\u00f6ln-Holweide sowie des pfarrlichen Lebens dieser Pfarrei. Die Anerkennung durch den Regierungspr\u00e4sidenten K\u00f6ln erfolgte am 06. August 2009<\/p>\n","protected":false},"author":1,"featured_media":0,"parent":0,"menu_order":0,"comment_status":"closed","ping_status":"open","template":"templates\/full-width-page.php","meta":{"footnotes":""},"_links":{"self":[{"href":"https:\/\/elias-stiftung.de\/index.php?rest_route=\/wp\/v2\/pages\/2"}],"collection":[{"href":"https:\/\/elias-stiftung.de\/index.php?rest_route=\/wp\/v2\/pages"}],"about":[{"href":"https:\/\/elias-stiftung.de\/index.php?rest_route=\/wp\/v2\/types\/page"}],"author":[{"embeddable":true,"href":"https:\/\/elias-stiftung.de\/index.php?rest_route=\/wp\/v2\/users\/1"}],"replies":[{"embeddable":true,"href":"https:\/\/elias-stiftung.de\/index.php?rest_route=%2Fwp%2Fv2%2Fcomments&post=2"}],"version-history":[{"count":10,"href":"https:\/\/elias-stiftung.de\/index.php?rest_route=\/wp\/v2\/pages\/2\/revisions"}],"predecessor-version":[{"id":226,"href":"https:\/\/elias-stiftung.de\/index.php?rest_route=\/wp\/v2\/pages\/2\/revisions\/226"}],"wp:attachment":[{"href":"https:\/\/elias-stiftung.de\/index.php?rest_route=%2Fwp%2Fv2%2Fmedia&parent=2"}],"curies":[{"name":"wp","href":"https:\/\/api.w.org\/{rel}","templated":true}]}}